{"id":245,"date":"2025-04-28T13:26:18","date_gmt":"2025-04-28T13:26:18","guid":{"rendered":"http:\/\/www.kilicbicak.com\/?page_id=245"},"modified":"2025-11-12T12:37:06","modified_gmt":"2025-11-12T12:37:06","slug":"hakkimizda-2","status":"publish","type":"page","link":"https:\/\/www.kilicbicak.com\/index.php\/hakkimizda-2\/","title":{"rendered":"Hakk\u0131m\u0131zda"},"content":{"rendered":"\t\t<div data-elementor-type=\"wp-page\" data-elementor-id=\"245\" class=\"elementor elementor-245\">\n\t\t\t\t<div class=\"elementor-element elementor-element-ee3ec73 e-flex e-con-boxed e-con e-parent\" data-id=\"ee3ec73\" data-element_type=\"container\" data-e-type=\"container\">\n\t\t\t\t\t<div class=\"e-con-inner\">\n\t\t\t\t<div class=\"elementor-element elementor-element-593d0df elementor-widget elementor-widget-image\" data-id=\"593d0df\" data-element_type=\"widget\" data-e-type=\"widget\" data-widget_type=\"image.default\">\n\t\t\t\t<div class=\"elementor-widget-container\">\n\t\t\t\t\t\t\t\t\t\t\t\t\t\t\t<img fetchpriority=\"high\" decoding=\"async\" width=\"212\" height=\"300\" src=\"https:\/\/www.kilicbicak.com\/wp-content\/uploads\/2025\/11\/kilic-logo-1-212x300.png\" class=\"attachment-medium size-medium wp-image-573\" alt=\"\" srcset=\"https:\/\/www.kilicbicak.com\/wp-content\/uploads\/2025\/11\/kilic-logo-1-212x300.png 212w, https:\/\/www.kilicbicak.com\/wp-content\/uploads\/2025\/11\/kilic-logo-1-724x1024.png 724w, https:\/\/www.kilicbicak.com\/wp-content\/uploads\/2025\/11\/kilic-logo-1-768x1086.png 768w, https:\/\/www.kilicbicak.com\/wp-content\/uploads\/2025\/11\/kilic-logo-1-1086x1536.png 1086w, https:\/\/www.kilicbicak.com\/wp-content\/uploads\/2025\/11\/kilic-logo-1-1448x2048.png 1448w, https:\/\/www.kilicbicak.com\/wp-content\/uploads\/2025\/11\/kilic-logo-1-600x848.png 600w, https:\/\/www.kilicbicak.com\/wp-content\/uploads\/2025\/11\/kilic-logo-1.png 1654w\" sizes=\"(max-width: 212px) 100vw, 212px\" \/>\t\t\t\t\t\t\t\t\t\t\t\t\t\t\t<\/div>\n\t\t\t\t<\/div>\n\t\t\t\t<div class=\"elementor-element elementor-element-7e6fb26 elementor-widget-divider--view-line elementor-widget elementor-widget-divider\" data-id=\"7e6fb26\" data-element_type=\"widget\" data-e-type=\"widget\" data-widget_type=\"divider.default\">\n\t\t\t\t<div class=\"elementor-widget-container\">\n\t\t\t\t\t\t\t<div class=\"elementor-divider\">\n\t\t\t<span class=\"elementor-divider-separator\">\n\t\t\t\t\t\t<\/span>\n\t\t<\/div>\n\t\t\t\t\t\t<\/div>\n\t\t\t\t<\/div>\n\t\t\t\t<div class=\"elementor-element elementor-element-eae6fad elementor-widget elementor-widget-text-editor\" data-id=\"eae6fad\" data-element_type=\"widget\" data-e-type=\"widget\" data-widget_type=\"text-editor.default\">\n\t\t\t\t<div class=\"elementor-widget-container\">\n\t\t\t\t\t\t\t\t\t<p><b>K\u0131l\u0131\u00e7 B\u0131\u00e7ak<\/b> olarak, keskinli\u011fin ve kalitenin 45 y\u0131ll\u0131k tecr\u00fcbesiyle mutfaklara ve profesyonel alanlara de\u011fer kat\u0131yoruz. \u00c7eyrek as\u0131rd\u0131r s\u00fcregelen bu yolculukta, g\u00fcvenilirli\u011fimiz ve sundu\u011fumuz \u00fcst\u00fcn performans ile sekt\u00f6r\u00fcn \u00f6nde gelen kurumsal firmalar\u0131ndan biri haline geldik. Her bir \u00fcr\u00fcn\u00fcm\u00fcz, kullan\u0131c\u0131lar\u0131m\u0131z\u0131n ihtiya\u00e7lar\u0131na en iyi \u015fekilde cevap vermek \u00fczere titizlikle tasarlanmakta ve en kaliteli malzemelerle \u00fcretilmektedir. K\u0131l\u0131\u00e7 B\u0131\u00e7ak; sadece bir kesici alet de\u011fil, mutfak sanat\u0131ndaki ustal\u0131\u011f\u0131n\u0131z\u0131n bir uzant\u0131s\u0131d\u0131r. <b>Tecr\u00fcbemiz, kalitemiz ve keskin \u00e7\u00f6z\u00fcmlerimizle daima yan\u0131n\u0131zday\u0131z.<\/b><\/p>\t\t\t\t\t\t\t\t<\/div>\n\t\t\t\t<\/div>\n\t\t\t\t\t<\/div>\n\t\t\t\t<\/div>\n\t\t\t\t<\/div>\n\t\t","protected":false},"excerpt":{"rendered":"<p>K\u0131l\u0131\u00e7 B\u0131\u00e7ak olarak, keskinli\u011fin ve kalitenin 45 y\u0131ll\u0131k tecr\u00fcbesiyle mutfaklara ve profesyonel alanlara [&hellip;]<\/p>\n","protected":false},"author":1,"featured_media":0,"parent":0,"menu_order":0,"comment_status":"closed","ping_status":"closed","template":"","meta":{"footnotes":""},"class_list":["post-245","page","type-page","status-publish","hentry"],"_links":{"self":[{"href":"https:\/\/www.kilicbicak.com\/index.php\/wp-json\/wp\/v2\/pages\/245","targetHints":{"allow":["GET"]}}],"collection":[{"href":"https:\/\/www.kilicbicak.com\/index.php\/wp-json\/wp\/v2\/pages"}],"about":[{"href":"https:\/\/www.kilicbicak.com\/index.php\/wp-json\/wp\/v2\/types\/page"}],"author":[{"embeddable":true,"href":"https:\/\/www.kilicbicak.com\/index.php\/wp-json\/wp\/v2\/users\/1"}],"replies":[{"embeddable":true,"href":"https:\/\/www.kilicbicak.com\/index.php\/wp-json\/wp\/v2\/comments?post=245"}],"version-history":[{"count":7,"href":"https:\/\/www.kilicbicak.com\/index.php\/wp-json\/wp\/v2\/pages\/245\/revisions"}],"predecessor-version":[{"id":757,"href":"https:\/\/www.kilicbicak.com\/index.php\/wp-json\/wp\/v2\/pages\/245\/revisions\/757"}],"wp:attachment":[{"href":"https:\/\/www.kilicbicak.com\/index.php\/wp-json\/wp\/v2\/media?parent=245"}],"curies":[{"name":"wp","href":"https:\/\/api.w.org\/{rel}","templated":true}]}}