{"id":499,"date":"2025-11-11T16:39:47","date_gmt":"2025-11-11T16:39:47","guid":{"rendered":"http:\/\/www.kilicbicak.com\/?post_type=product&#038;p=499"},"modified":"2025-11-11T16:39:47","modified_gmt":"2025-11-11T16:39:47","slug":"et-dovecegi-001","status":"publish","type":"product","link":"https:\/\/www.kilicbicak.com\/index.php\/urun\/et-dovecegi-001\/","title":{"rendered":"Et D\u00f6vece\u011fi &#8211; 001"},"content":{"rendered":"<p>Etin liflerini yumu\u015fatarak marine i\u015flemine haz\u0131rlar ve lezzetini art\u0131r\u0131r. Dayan\u0131kl\u0131 ve g\u00fc\u00e7l\u00fc yap\u0131s\u0131yla vazge\u00e7ilmeziniz.<\/p>\n","protected":false},"excerpt":{"rendered":"<p>Etin liflerini yumu\u015fatarak marine i\u015flemine haz\u0131rlar ve lezzetini art\u0131r\u0131r. Dayan\u0131kl\u0131 ve g\u00fc\u00e7l\u00fc yap\u0131s\u0131yla [&hellip;]<\/p>\n","protected":false},"featured_media":500,"comment_status":"open","ping_status":"closed","template":"","meta":[],"product_brand":[],"product_cat":[25],"product_tag":[],"class_list":{"0":"post-499","1":"product","2":"type-product","3":"status-publish","4":"has-post-thumbnail","6":"product_cat-et-dovecekleri","8":"first","9":"instock","10":"shipping-taxable","11":"purchasable","12":"product-type-simple"},"_links":{"self":[{"href":"https:\/\/www.kilicbicak.com\/index.php\/wp-json\/wp\/v2\/product\/499","targetHints":{"allow":["GET"]}}],"collection":[{"href":"https:\/\/www.kilicbicak.com\/index.php\/wp-json\/wp\/v2\/product"}],"about":[{"href":"https:\/\/www.kilicbicak.com\/index.php\/wp-json\/wp\/v2\/types\/product"}],"replies":[{"embeddable":true,"href":"https:\/\/www.kilicbicak.com\/index.php\/wp-json\/wp\/v2\/comments?post=499"}],"wp:featuredmedia":[{"embeddable":true,"href":"https:\/\/www.kilicbicak.com\/index.php\/wp-json\/wp\/v2\/media\/500"}],"wp:attachment":[{"href":"https:\/\/www.kilicbicak.com\/index.php\/wp-json\/wp\/v2\/media?parent=499"}],"wp:term":[{"taxonomy":"product_brand","embeddable":true,"href":"https:\/\/www.kilicbicak.com\/index.php\/wp-json\/wp\/v2\/product_brand?post=499"},{"taxonomy":"product_cat","embeddable":true,"href":"https:\/\/www.kilicbicak.com\/index.php\/wp-json\/wp\/v2\/product_cat?post=499"},{"taxonomy":"product_tag","embeddable":true,"href":"https:\/\/www.kilicbicak.com\/index.php\/wp-json\/wp\/v2\/product_tag?post=499"}],"curies":[{"name":"wp","href":"https:\/\/api.w.org\/{rel}","templated":true}]}}