{"id":552,"date":"2025-11-11T17:11:38","date_gmt":"2025-11-11T17:11:38","guid":{"rendered":"http:\/\/www.kilicbicak.com\/?post_type=product&#038;p=552"},"modified":"2025-11-11T17:11:38","modified_gmt":"2025-11-11T17:11:38","slug":"satir-bicagi-001","status":"publish","type":"product","link":"https:\/\/www.kilicbicak.com\/index.php\/urun\/satir-bicagi-001\/","title":{"rendered":"Sat\u0131r B\u0131\u00e7a\u011f\u0131 &#8211; 001"},"content":{"rendered":"<p>Profesyonel kasaplar\u0131n vazge\u00e7ilmezi. Et ay\u0131rma, s\u0131y\u0131rma ve par\u00e7alama i\u015flemlerinde \u00fcst\u00fcn g\u00fc\u00e7, denge ve uzun s\u00fcreli keskinlik sunar.<\/p>\n","protected":false},"excerpt":{"rendered":"<p>Profesyonel kasaplar\u0131n vazge\u00e7ilmezi. Et ay\u0131rma, s\u0131y\u0131rma ve par\u00e7alama i\u015flemlerinde \u00fcst\u00fcn g\u00fc\u00e7, denge ve [&hellip;]<\/p>\n","protected":false},"featured_media":553,"comment_status":"open","ping_status":"closed","template":"","meta":[],"product_brand":[],"product_cat":[28],"product_tag":[],"class_list":{"0":"post-552","1":"product","2":"type-product","3":"status-publish","4":"has-post-thumbnail","6":"product_cat-satir-bicaklari","8":"first","9":"instock","10":"shipping-taxable","11":"purchasable","12":"product-type-simple"},"_links":{"self":[{"href":"https:\/\/www.kilicbicak.com\/index.php\/wp-json\/wp\/v2\/product\/552","targetHints":{"allow":["GET"]}}],"collection":[{"href":"https:\/\/www.kilicbicak.com\/index.php\/wp-json\/wp\/v2\/product"}],"about":[{"href":"https:\/\/www.kilicbicak.com\/index.php\/wp-json\/wp\/v2\/types\/product"}],"replies":[{"embeddable":true,"href":"https:\/\/www.kilicbicak.com\/index.php\/wp-json\/wp\/v2\/comments?post=552"}],"wp:featuredmedia":[{"embeddable":true,"href":"https:\/\/www.kilicbicak.com\/index.php\/wp-json\/wp\/v2\/media\/553"}],"wp:attachment":[{"href":"https:\/\/www.kilicbicak.com\/index.php\/wp-json\/wp\/v2\/media?parent=552"}],"wp:term":[{"taxonomy":"product_brand","embeddable":true,"href":"https:\/\/www.kilicbicak.com\/index.php\/wp-json\/wp\/v2\/product_brand?post=552"},{"taxonomy":"product_cat","embeddable":true,"href":"https:\/\/www.kilicbicak.com\/index.php\/wp-json\/wp\/v2\/product_cat?post=552"},{"taxonomy":"product_tag","embeddable":true,"href":"https:\/\/www.kilicbicak.com\/index.php\/wp-json\/wp\/v2\/product_tag?post=552"}],"curies":[{"name":"wp","href":"https:\/\/api.w.org\/{rel}","templated":true}]}}